{"id":442,"date":"2020-10-06T19:47:02","date_gmt":"2020-10-06T17:47:02","guid":{"rendered":"http:\/\/www.krisko.biz\/?page_id=442"},"modified":"2021-01-20T16:55:08","modified_gmt":"2021-01-20T15:55:08","slug":"uvodna-stranka-2","status":"publish","type":"page","link":"https:\/\/www.krisko.biz\/","title":{"rendered":"KRI\u0160KO s.r.o. &#8211; V\u00e1\u0161 partner pri ochrane pred po\u017eiarmi, bezpe\u010dnos\u0165 pr\u00e1ce&#8230;"},"content":{"rendered":"<p style=\"text-align: left;\"><span style=\"font-size: 16px;\">Vitajte na str\u00e1nkach spolo\u010dnosti KRI\u0160KO s.r.o., poskytovate\u013ea komplexn\u00fdch slu\u017eieb v oblasti ochrany pred po\u017eiarmi a bezpe\u010dnosti a ochrany zdravia pri pr\u00e1ci . Na\u0161a spolo\u010dnos\u0165\u00a0 vznikla\u00a0 ako\u00a0 fyzick\u00e1 osoba u\u017e v\u00a0 roku 1992. Od roku 2010 p\u00f4sob\u00edme\u00a0 ako s.r.o. V prv\u00fdch rokoch svojej \u010dinnosti si vybudovala poz\u00edciu stabilnej a kvalitnej spolo\u010dnosti. T\u00fato poz\u00edciu si dr\u017eala napriek st\u00e1le rast\u00facej konkurencii aj v\u010faka d\u00f4vere svojich klientov. Hlavn\u00fdm predmetom \u010dinnosti spolo\u010dnosti je poskytovanie komplexn\u00fdch slu\u017eieb v oblasti ochrany pred po\u017eiarmi a bezpe\u010dnosti a ochrany zdravia pri pr\u00e1ci v s\u00falade s platnou legislat\u00edvou a s oh\u013eadom\u00a0 na konkr\u00e9tne podmienky klienta. Na\u0161\u00edm cie\u013eom je pon\u00faknu\u0165\u00a0 klientom odbornos\u0165, kvalitu a individu\u00e1lny pr\u00edstup pre efekt\u00edvnu spolupr\u00e1cu.\u00a0Kontaktujte n\u00e1s\u00a0pre spracovanie individu\u00e1lnej ponuky vami po\u017eadovan\u00fdch slu\u017eieb. <\/span><\/p>\n<p><span style=\"font-size: 16px;\">Ladislav Kri\u0161ko \u2013 konate\u013e spolo\u010dnosti<strong>.<\/strong><\/span><\/p>\n<p><span style=\"font-size: 16px;\"><strong>Na\u0161a ponuka zah\u0155\u0148a nasleduj\u00face slu\u017eby a \u010dinnosti:<\/strong><\/span><\/p>\n<ul>\n<li><span style=\"font-size: 16px;\">kontroly, opravy a predaj hasiacich pr\u00edstrojov<\/span><\/li>\n<li><span style=\"font-size: 16px;\">kontroly a opravy hydrantov, hadicov\u00fdch navijakov<\/span><\/li>\n<li><span style=\"font-size: 16px;\">tlakov\u00e9 sk\u00fa\u0161ky hydrantov\u00fdch had\u00edc<\/span><\/li>\n<li><span style=\"font-size: 16px;\">bezpe\u010dnostn\u00e9 a protipo\u017eiarne tabu\u013eky \u2013 predaj<\/span><\/li>\n<li><span style=\"font-size: 16px;\">v\u00fdkon \u010dinnosti technika po\u017eiarnej ochrany<\/span><\/li>\n<li><span style=\"font-size: 16px;\">bezpe\u010dnostno technick\u00e1 slu\u017eba<\/span><\/li>\n<li><span style=\"font-size: 16px;\">\u0161pecialista po\u017eiarnej ochrany<\/span><\/li>\n<li><span style=\"font-size: 16px;\">rev\u00edzie tlakov\u00fdch n\u00e1dob<\/span><\/li>\n<li><span style=\"font-size: 16px;\">plnenie flia\u0161 CO2<\/span><\/li>\n<li><span style=\"font-size: 16px;\">kontroly po\u017eiarnych uz\u00e1verov (dver\u00ed, okien\u2026)<\/span><\/li>\n<li><span style=\"font-size: 16px;\">opravy( skracovanie) hydrantov\u00fdch a po\u017eiarnych had\u00edc (B75,C52, D25)<\/span><\/li>\n<li><span style=\"font-size: 16px;\">spracovanie bezpe\u010dnostnej dokument\u00e1cie ochrany osobn\u00fdch \u00fadajov (GDPR)\u00a0 v s\u00falade s v\u00fdkladmi z\u00e1kona \u010d. 18\/2018 Z.z.<\/span><\/li>\n<li><span style=\"font-size: 16px;\">kontroly n\u00fadzov\u00fdch osvetlen\u00ed<\/span><\/li>\n<li><span style=\"font-size: 16px;\">Pracovn\u00e1 zdravotn\u00e1 slu\u017eba (PZS)<\/span><\/li>\n<\/ul>\n","protected":false},"excerpt":{"rendered":"<p>Vitajte na str\u00e1nkach spolo\u010dnosti KRI\u0160KO s.r.o., poskytovate\u013ea komplexn\u00fdch slu\u017eieb v oblasti ochrany pred po\u017eiarmi a bezpe\u010dnosti a ochrany zdravia pri pr\u00e1ci . Na\u0161a spolo\u010dnos\u0165\u00a0 vznikla\u00a0 ako\u00a0 fyzick\u00e1 osoba u\u017e v\u00a0 roku 1992. Od roku 2010 p\u00f4sob\u00edme\u00a0 ako s.r.o. V prv\u00fdch rokoch svojej \u010dinnosti si vybudovala poz\u00edciu stabilnej a kvalitnej spolo\u010dnosti. T\u00fato poz\u00edciu si dr\u017eala napriek st\u00e1le rast\u00facej konkurencii aj v\u010faka d\u00f4vere svojich klientov. Hlavn\u00fdm predmetom \u010dinnosti spolo\u010dnosti je poskytovanie komplexn\u00fdch<\/p>\n<p><a class=\"more-link\" href=\"https:\/\/www.krisko.biz\/\">Read More<\/a><\/p>\n","protected":false},"author":1,"featured_media":0,"parent":0,"menu_order":0,"comment_status":"closed","ping_status":"closed","template":"","meta":[],"_links":{"self":[{"href":"https:\/\/www.krisko.biz\/index.php?rest_route=\/wp\/v2\/pages\/442"}],"collection":[{"href":"https:\/\/www.krisko.biz\/index.php?rest_route=\/wp\/v2\/pages"}],"about":[{"href":"https:\/\/www.krisko.biz\/index.php?rest_route=\/wp\/v2\/types\/page"}],"author":[{"embeddable":true,"href":"https:\/\/www.krisko.biz\/index.php?rest_route=\/wp\/v2\/users\/1"}],"replies":[{"embeddable":true,"href":"https:\/\/www.krisko.biz\/index.php?rest_route=%2Fwp%2Fv2%2Fcomments&post=442"}],"version-history":[{"count":7,"href":"https:\/\/www.krisko.biz\/index.php?rest_route=\/wp\/v2\/pages\/442\/revisions"}],"predecessor-version":[{"id":508,"href":"https:\/\/www.krisko.biz\/index.php?rest_route=\/wp\/v2\/pages\/442\/revisions\/508"}],"wp:attachment":[{"href":"https:\/\/www.krisko.biz\/index.php?rest_route=%2Fwp%2Fv2%2Fmedia&parent=442"}],"curies":[{"name":"wp","href":"https:\/\/api.w.org\/{rel}","templated":true}]}}