{"id":45,"date":"2018-09-26T17:50:10","date_gmt":"2018-09-26T15:50:10","guid":{"rendered":"http:\/\/www.krisko.biz\/?page_id=45"},"modified":"2021-06-23T16:58:13","modified_gmt":"2021-06-23T14:58:13","slug":"kontakty","status":"publish","type":"page","link":"https:\/\/www.krisko.biz\/?page_id=45","title":{"rendered":"Kontakty"},"content":{"rendered":"\n<p class=\"has-text-align-left\" style=\"font-size:18px\"><span class=\"has-inline-color has-black-color\">KRI\u0160KO s.r.o. Kana\u0161sk\u00e1 246\/3, Fintice 082 16<br>I\u010cO: 44 496 362<br>DI\u010c: 2022744977<br>I\u010c DPH: SK2022744977<br>reg: Okresn\u00fd s\u00fad Pre\u0161ov 209 80\/P<br>IBAN: SK53 1100 0000 0029 4207 3376<br>\u010d.tel. 0905 263 325<br>email: krisko@krisko.biz<br>web: www.krisko.biz<\/span><\/p>\n","protected":false},"excerpt":{"rendered":"<p>KRI\u0160KO s.r.o. Kana\u0161sk\u00e1 246\/3, Fintice 082 16I\u010cO: 44 496 362DI\u010c: 2022744977I\u010c DPH: SK2022744977reg: Okresn\u00fd s\u00fad Pre\u0161ov 209 80\/PIBAN: SK53 1100 0000 0029 4207 3376\u010d.tel. 0905 263 325email: krisko@krisko.bizweb: www.krisko.biz<\/p>\n","protected":false},"author":1,"featured_media":0,"parent":0,"menu_order":0,"comment_status":"closed","ping_status":"closed","template":"","meta":[],"_links":{"self":[{"href":"https:\/\/www.krisko.biz\/index.php?rest_route=\/wp\/v2\/pages\/45"}],"collection":[{"href":"https:\/\/www.krisko.biz\/index.php?rest_route=\/wp\/v2\/pages"}],"about":[{"href":"https:\/\/www.krisko.biz\/index.php?rest_route=\/wp\/v2\/types\/page"}],"author":[{"embeddable":true,"href":"https:\/\/www.krisko.biz\/index.php?rest_route=\/wp\/v2\/users\/1"}],"replies":[{"embeddable":true,"href":"https:\/\/www.krisko.biz\/index.php?rest_route=%2Fwp%2Fv2%2Fcomments&post=45"}],"version-history":[{"count":38,"href":"https:\/\/www.krisko.biz\/index.php?rest_route=\/wp\/v2\/pages\/45\/revisions"}],"predecessor-version":[{"id":511,"href":"https:\/\/www.krisko.biz\/index.php?rest_route=\/wp\/v2\/pages\/45\/revisions\/511"}],"wp:attachment":[{"href":"https:\/\/www.krisko.biz\/index.php?rest_route=%2Fwp%2Fv2%2Fmedia&parent=45"}],"curies":[{"name":"wp","href":"https:\/\/api.w.org\/{rel}","templated":true}]}}