{"id":516,"date":"2021-06-23T17:48:57","date_gmt":"2021-06-23T15:48:57","guid":{"rendered":"http:\/\/www.krisko.biz\/?page_id=516"},"modified":"2021-06-23T17:50:32","modified_gmt":"2021-06-23T15:50:32","slug":"gdpr","status":"publish","type":"page","link":"https:\/\/www.krisko.biz\/?page_id=516","title":{"rendered":"GDPR"},"content":{"rendered":"\n<p><strong><em>Ochrana osobn\u00fdch \u00fadajov<\/em><\/strong><\/p>\n\n\n\n<p><em>V&nbsp;zmysle nariadenie Eur\u00f3pskeho parlamentu a Rady \u010d. 2016\/679 je priamo \u00fa\u010dinn\u00fd pr\u00e1vny predpis. Zaober\u00e1 sa ochranou osobn\u00fdch \u00fadajov a pr\u00e1vom fyzickej osoby na kontrolu spracovania osobn\u00fdch \u00fadajov. Ako aj v zmysle z\u00e1kona \u010d. 18\/2018 Z. z. o ochrane osobn\u00fdch \u00fadajov a o zmene a doplnen\u00ed niektor\u00fdch z\u00e1konov publikovan\u00fd v Zbierke z\u00e1konov SR.<\/em><strong><em><\/em><\/strong><\/p>\n\n\n\n<ul><li><em>k sprac\u00favaniu Va\u0161ich osobn\u00fdch \u00fadajov pristupujeme len z\u00e1konn\u00fdm sp\u00f4sobom, profesion\u00e1lne a citlivo<\/em><\/li><li><em>Va\u0161e osobn\u00e9 \u00fadaje s\u00fa ulo\u017een\u00e9 v&nbsp;zabezpe\u010denom informa\u010dnom syst\u00e9me<\/em><\/li><li><em>v\u0161etky osoby, ktor\u00e9 pr\u00eddu do styku s Va\u0161imi osobn\u00fdmi \u00fadajmi zo strany prev\u00e1dzkovate\u013ea, s\u00fa n\u00e1le\u017eite pou\u010den\u00e9 o z\u00e1konnom zaobch\u00e1dzan\u00ed s&nbsp;nimi a&nbsp;s\u00fa zaviazan\u00ed ml\u010danlivos\u0165ou<\/em><\/li><li><em>z\u00edskavame od V\u00e1s iba tie \u00fadaje, ktor\u00e9 s\u00fa potrebn\u00e9 na splnenie \u00fa\u010delu, na z\u00e1klade ktor\u00e9ho ste n\u00e1s kontaktovali<\/em><\/li><li><em>m\u00f4\u017eete n\u00e1s kedyko\u013evek po\u017eiada\u0165 o zmazanie&nbsp;hist\u00f3rie na\u0161ej e-mailovej komunik\u00e1cie, a to e-mailom, p\u00edsomne alebo osobne.<\/em><\/li><\/ul>\n\n\n\n<p><em><u>Z\u00e1kladn\u00e9 princ\u00edpy, ktor\u00e9 s\u00fa predmetom rie\u0161enia GDPR:<\/u><\/em><\/p>\n\n\n\n<ol type=\"1\"><li><strong><em>Z\u00e1sada z\u00e1konnosti \u00a76<\/em><\/strong><em>&nbsp;\u2013 preveri\u0165, \u010di pri sprac\u00favan\u00ed nedoch\u00e1dza k poru\u0161eniu z\u00e1kladn\u00fdch pr\u00e1v dotknutej osoby,<\/em><\/li><\/ol>\n\n\n\n<p><em>2.&nbsp;&nbsp; <strong>Z\u00e1sada obmedzenia \u00fa\u010delu \u00a77<\/strong>&nbsp;\u2013 overi\u0165, \u010di sa osobn\u00e9 \u00fadaje zbieraj\u00fa na v\u00fdslovne uveden\u00fd a opr\u00e1vnen\u00fd \u00fa\u010del<\/em><\/p>\n\n\n\n<p><em>3.&nbsp;&nbsp; <strong>Z\u00e1sada minimaliz\u00e1cie osobn\u00fdch \u00fadajov \u00a78<\/strong>&nbsp;&#8211; preveri\u0165, \u010di sprac\u00favan\u00e9 osobn\u00e9 \u00fadaje s\u00fa primeran\u00e9, relevantn\u00e9 a obmedzen\u00e9 na nevyhnutn\u00fd rozsah.<br>4.&nbsp;&nbsp; &nbsp;<strong>Z\u00e1sada spr\u00e1vnosti \u00a79<\/strong>&nbsp;\u2013 sprac\u00favan\u00e9 \u00fadaje musia by\u0165 spr\u00e1vne a pod\u013ea potreby aktualizovan\u00e9<br>5.&nbsp;&nbsp;&nbsp; <strong>Z\u00e1sada minimaliz\u00e1cie uchov\u00e1vania \u00a710<\/strong>&nbsp;\u2013 ma\u0165 ur\u010den\u00fa dobu pre uchov\u00e1vanie osobn\u00fdch \u00fadajov so zoh\u013eadnen\u00edm \u00fa\u010delu ich sprac\u00favania<br>6.&nbsp;&nbsp;&nbsp; <strong>Z\u00e1sada integrity a d\u00f4vernosti \u00a71<\/strong>1 \u2013 pos\u00fadi\u0165, \u010di je zaru\u010den\u00e1 primeran\u00e1 bezpe\u010dnos\u0165 osobn\u00fdch \u00fadajov vr\u00e1tane ochrany pred neopr\u00e1vnen\u00fdm sprac\u00favan\u00edm osobn\u00fdch \u00fadajov<br>7.&nbsp;&nbsp; &nbsp;<strong>Z\u00e1sada zodpovednosti \u00a712<\/strong>&nbsp;\u2013 prev\u00e1dzkovate\u013e je zodpovedn\u00fd za dodr\u017eiavanie z\u00e1kladn\u00fdch z\u00e1sad sprac\u00favania osobn\u00fdch \u00fadajov&nbsp; a je povinn\u00fd tento s\u00falad so z\u00e1sadami sprac\u00favania osobn\u00fdch \u00fadajov na po\u017eiadanie \u00faradu preuk\u00e1za\u0165.&nbsp;<\/em><strong><em><\/em><\/strong><\/p>\n\n\n\n<p><strong><em>I.<\/em><\/strong><\/p>\n\n\n\n<p><strong><em>Prev\u00e1dzkovate\u013e internetovej str\u00e1nky www.krisko.biz<\/em><\/strong><strong><em> <\/em><\/strong><em><\/em><\/p>\n\n\n\n<p><em><u>KRI\u0160KO s.r.o. Kana\u0161sk\u00e1 246\/3, Fintice 082 16<\/u><\/em><\/p>\n\n\n\n<p><em>email: krisko@krisko.biz<br><br><\/em><\/p>\n\n\n\n<p><strong><em>II.<\/em><\/strong><\/p>\n\n\n\n<p><strong><em>\u00da\u010del sprac\u00favania osobn\u00fdch \u00fadajov<\/em><\/strong><em><\/em><\/p>\n\n\n\n<ul><li><em>\u00fa\u010delom sprac\u00favania osobn\u00fdch \u00fadajov s\u00fa predzmluvn\u00e9 vz\u0165ahy,<\/em><\/li><li><em>\u00fa\u010delom sprac\u00favania osobn\u00fdch \u00fadajov je identifik\u00e1cia z\u00e1kazn\u00edkov,<\/em><\/li><li><em>\u00fa\u010delom sprac\u00favania osobn\u00fdch \u00fadajov je potvrdenie z\u00e1ujmu o&nbsp;tovar a to prostredn\u00edctvom vypracovania objedn\u00e1vky a prostredn\u00edctvom elektronickej po\u0161ty,<\/em><em><\/em><\/li><li><em>\u00fa\u010delom sprac\u00favania osobn\u00fdch \u00fadajov je vypracovanie zmluvy,<\/em><\/li><li><em>\u00fa\u010delom sprac\u00favania osobn\u00fdch \u00fadajov je sp\u00e4tn\u00e9 kontaktovanie.<\/em><\/li><\/ul>\n\n\n\n<p><strong><em>III.<\/em><\/strong><\/p>\n\n\n\n<p><strong><em>Zoznam sprac\u00favan\u00fdch osobn\u00fdch \u00fadajov<\/em><\/strong><em><\/em><\/p>\n\n\n\n<ul><li><em>prev\u00e1dzkovate\u013e sprac\u00fava Va\u0161e kontaktn\u00e9 \u00fadaje na \u00fa\u010dely predzmluvn\u00fdch vz\u0165ahov, \u00fadaje na doru\u010denie<\/em><\/li><li><em>kontaktn\u00fdmi \u00fadajmi s\u00fa meno, priezvisko, <\/em><em>telef\u00f3nne \u010d\u00edslo (na \u00fa\u010dely potvrdenia objedn\u00e1vky, komunik\u00e1ciu so z\u00e1kazn\u00edkom), e-mailov\u00e1 adresa (na \u00fa\u010dely zaslania potvrdenia objedn\u00e1vky a komunik\u00e1ciu so z\u00e1kazn\u00edkom)<\/em><\/li><li><em>\u00fadaje na doru\u010denie s\u00fa <\/em><em>meno a priezvisko pr\u00edjemcu, titul, adresa doru\u010denia<\/em><em><\/em><\/li><\/ul>\n\n\n\n<p><strong><em>IV.<\/em><\/strong><\/p>\n\n\n\n<p><strong><em>Dobrovo\u013enos\u0165 poskytnutia osobn\u00fdch \u00fadajov<\/em><\/strong><em><\/em><\/p>\n\n\n\n<ul><li><em>prev\u00e1dzkovate\u013e z\u00edskava len tie osobn\u00e9 \u00fadaje z\u00e1kazn\u00edkov, ktor\u00e9 s\u00fa potrebn\u00e9 na splnenie z\u00e1v\u00e4zkov, ktor\u00e9 od neho z\u00e1kazn\u00edk z\u00e1ujmom o&nbsp;tovar o\u010dak\u00e1va<\/em><em><\/em><\/li><li><em>prev\u00e1dzkovate\u013e z\u00edskava osobn\u00e9 \u00fadaje od z\u00e1kazn\u00edkov v rozsahu potrebnom na splnenie povinnost\u00ed vypl\u00fdvaj\u00facich zo zmluvy uzatvorenej medzi prev\u00e1dzkovate\u013eom a z\u00e1kazn\u00edkom<\/em><\/li><li><em>prev\u00e1dzkovate\u013e sprac\u00fava osobn\u00e9 \u00fadaje dotknutej osoby len po dobu nevyhnutn\u00fa na splnenie \u00fa\u010delu vypl\u00fdvaj\u00faceho zo zmluvy a&nbsp;zo v\u0161eobecne z\u00e1v\u00e4zn\u00fdch pr\u00e1vnych predpisov<\/em><em><\/em><\/li><\/ul>\n\n\n\n<p><strong><em>V.<\/em><\/strong><\/p>\n\n\n\n<p><strong><em>Zverejnenie \u00fadajov<\/em><\/strong><\/p>\n\n\n\n<ul><li><em>prev\u00e1dzkovate\u013e z\u00edskan\u00e9 osobn\u00e9 \u00fadaje z\u00e1kazn\u00edkov &#8211; fyzick\u00fdch os\u00f4b nezverej\u0148uje<\/em><\/li><\/ul>\n\n\n\n<p><strong><em>VI.<\/em><\/strong><\/p>\n\n\n\n<p><strong><em>Podmienky sprac\u00favania<\/em><\/strong><\/p>\n\n\n\n<ul><li><em>prev\u00e1dzkovate\u013e<\/em><em> prijal primeran\u00e9 technick\u00e9, organiza\u010dn\u00e9 a person\u00e1lne opatrenia zodpovedaj\u00face sp\u00f4sobu sprac\u00favania osobn\u00fdch \u00fadajov, pri\u010dom zobral do \u00favahy najm\u00e4 pou\u017eite\u013en\u00e9 technick\u00e9 prostriedky, d\u00f4vernos\u0165 a d\u00f4le\u017eitos\u0165 sprac\u00favan\u00fdch osobn\u00fdch \u00fadajov, ako aj rozsah mo\u017en\u00fdch riz\u00edk, ktor\u00e9 s\u00fa sp\u00f4sobil\u00e9 naru\u0161i\u0165 bezpe\u010dnos\u0165 alebo funk\u010dnos\u0165 jeho informa\u010dn\u00fdch syst\u00e9mov<\/em><em><\/em><\/li><li><em>prev\u00e1dzkovate\u013e<\/em><em> sa zav\u00e4zuje, \u017ee bude s osobn\u00fdmi \u00fadajmi dotknutej osoby zaobch\u00e1dza\u0165 a naklada\u0165 v s\u00falade s platn\u00fdmi pr\u00e1vnymi predpismi SR a&nbsp;predpismi E\u00da <\/em><em><\/em><\/li><li><em>prev\u00e1dzkovate\u013e<\/em><em> po splnen\u00ed \u00fa\u010delu sprac\u00favania zabezpe\u010d\u00ed bezodkladne likvid\u00e1ciu osobn\u00fdch \u00fadajov dotknutej osoby <\/em><em><\/em><\/li><li><em>Opis uplat\u0148ovan\u00fdch technick\u00fdch a organiza\u010dn\u00fdch bezpe\u010dnostn\u00fdch opatren\u00ed:<\/em><\/li><\/ul>\n\n\n\n<ul><li><em>Zmluvy, kde s\u00fa \u00fadaje uveden\u00e9 s\u00fa \u0161ifrovan\u00e9 v&nbsp;\u0161peci\u00e1lnom foldri na HDD<\/em><\/li><li><em>\u0161ifrovanie sa pou\u017e\u00edva na pren\u00e1\u0161an\u00e9 \u00fadaje (cez sie\u0165) aj ulo\u017een\u00e9 \u00fadaje (na r\u00f4znych typoch m\u00e9di\u00ed)<\/em><\/li><li><em>pr\u00edslu\u0161n\u00e9 osoby maj\u00fa mo\u017enos\u0165 uplatni\u0165 svoje pr\u00e1va. Ak v s\u00favislosti so \u017eiados\u0165ou pr\u00edslu\u0161nej osoby nepodnikneme \u017eiadne opatrenia, dan\u00fa osobu bezodkladne informujeme, pre\u010do opatrenia nepodnikneme, a upozorn\u00edme ju, \u017ee m\u00f4\u017ee poda\u0165 s\u0165a\u017enos\u0165 prostredn\u00edctvom dozorn\u00e9ho org\u00e1nu a po\u017eadova\u0165 s\u00fadne opravn\u00e9 prostriedky.<\/em><\/li><\/ul>\n\n\n\n<p><strong><em>VII.<\/em><\/strong><\/p>\n\n\n\n<p><strong><em>Pr\u00e1va a povinnosti dotknutej osoby<\/em><\/strong><em><\/em><\/p>\n\n\n\n<ul><li><em>z\u00e1kazn\u00edk prev\u00e1dzkovate\u013ea ako <\/em><em>dotknut\u00e1 osoba je povinn\u00fd uvies\u0165 \u00fapln\u00e9 a pravdiv\u00e9 \u00fadaje<\/em><em><\/em><\/li><\/ul>\n\n\n\n<p><strong><em>VIII.<\/em><\/strong><\/p>\n\n\n\n<p><strong><em>Pou\u010denie o pr\u00e1vach dotknutej osoby<\/em><\/strong><em><\/em><em>Dotknut\u00e1 osoba m\u00e1 pr\u00e1vo na z\u00e1klade p\u00edsomnej \u017eiadosti od prev\u00e1dzkovate\u013ea vy\u017eadova\u0165 vymazanie \u00fadajov z&nbsp;jeho informa\u010dn\u00fdch syst\u00e9mov.<\/em><\/p>\n","protected":false},"excerpt":{"rendered":"<p>Ochrana osobn\u00fdch \u00fadajov V&nbsp;zmysle nariadenie Eur\u00f3pskeho parlamentu a Rady \u010d. 2016\/679 je priamo \u00fa\u010dinn\u00fd pr\u00e1vny predpis. Zaober\u00e1 sa ochranou osobn\u00fdch \u00fadajov a pr\u00e1vom fyzickej osoby na kontrolu spracovania osobn\u00fdch \u00fadajov. Ako aj v zmysle z\u00e1kona \u010d. 18\/2018 Z. z. o ochrane osobn\u00fdch \u00fadajov a o zmene a doplnen\u00ed niektor\u00fdch z\u00e1konov publikovan\u00fd v Zbierke z\u00e1konov SR. k sprac\u00favaniu Va\u0161ich osobn\u00fdch \u00fadajov pristupujeme len z\u00e1konn\u00fdm sp\u00f4sobom, profesion\u00e1lne a citlivo Va\u0161e osobn\u00e9 \u00fadaje<\/p>\n<p><a class=\"more-link\" href=\"https:\/\/www.krisko.biz\/?page_id=516\">Read More<\/a><\/p>\n","protected":false},"author":1,"featured_media":0,"parent":0,"menu_order":0,"comment_status":"closed","ping_status":"closed","template":"","meta":[],"_links":{"self":[{"href":"https:\/\/www.krisko.biz\/index.php?rest_route=\/wp\/v2\/pages\/516"}],"collection":[{"href":"https:\/\/www.krisko.biz\/index.php?rest_route=\/wp\/v2\/pages"}],"about":[{"href":"https:\/\/www.krisko.biz\/index.php?rest_route=\/wp\/v2\/types\/page"}],"author":[{"embeddable":true,"href":"https:\/\/www.krisko.biz\/index.php?rest_route=\/wp\/v2\/users\/1"}],"replies":[{"embeddable":true,"href":"https:\/\/www.krisko.biz\/index.php?rest_route=%2Fwp%2Fv2%2Fcomments&post=516"}],"version-history":[{"count":2,"href":"https:\/\/www.krisko.biz\/index.php?rest_route=\/wp\/v2\/pages\/516\/revisions"}],"predecessor-version":[{"id":519,"href":"https:\/\/www.krisko.biz\/index.php?rest_route=\/wp\/v2\/pages\/516\/revisions\/519"}],"wp:attachment":[{"href":"https:\/\/www.krisko.biz\/index.php?rest_route=%2Fwp%2Fv2%2Fmedia&parent=516"}],"curies":[{"name":"wp","href":"https:\/\/api.w.org\/{rel}","templated":true}]}}