{"id":54,"date":"2018-09-26T17:51:05","date_gmt":"2018-09-26T15:51:05","guid":{"rendered":"http:\/\/www.krisko.biz\/?page_id=54"},"modified":"2018-10-21T17:45:22","modified_gmt":"2018-10-21T15:45:22","slug":"hasiace-pristroje","status":"publish","type":"page","link":"https:\/\/www.krisko.biz\/?page_id=54","title":{"rendered":"Hasiace pr\u00edstroje"},"content":{"rendered":"<p style=\"text-align: left;\"><strong>Hasiace pr\u00edstroje:<\/strong><\/p>\n<p style=\"text-align: left;\"><strong>Kontroly:<\/strong><br \/>\nNa\u0161a spolo\u010dnos\u0165 je pripraven\u00e1 vykona\u0165 pre v\u00e1s kontrolu a servis hasiacej techniky. Kontrola hasiacich pr\u00edstrojov sa vykon\u00e1va pod\u013ea \u00a7 21 a 22 vyhl\u00e1\u0161ky MV SR \u010d. 719\/2002 Z.z najmenej jeden kr\u00e1t za 12 mesiacov, respekt\u00edve jeden kr\u00e1t za 24 mesiacov, pod\u013ea druhu hasiaceho pr\u00edstroja a pod\u013ea obdobia, kedy bol hasiaci pr\u00edstroj uveden\u00fd na trh. M\u00e1me odborne sp\u00f4sobil\u00fdch zamestnancov, ktor\u00ed pr\u00eddu priamo na Va\u0161u prev\u00e1dzku, hasiace pr\u00edstroje skontroluj\u00fa a ak to bude potrebn\u00e9 odober\u00fa ich za \u00fa\u010delom vykonania opravy, ktor\u00e1 sa vykon\u00e1va v zmysle po\u017eiadaviek v\u00fdrobcov hasiacich pr\u00edstrojov.<br \/>\nNa\u0161a oprav\u00e1rensk\u00e1 diel\u0148a je vybaven\u00e1 v\u0161etk\u00fdmi potrebn\u00fdmi zariadeniami na vykonanie\u00a0opravy.<\/p>\n<p style=\"text-align: left;\"><strong>Periodicita tlakov\u00fdch sk\u00fa\u0161ok (opr\u00e1v) hasiacich pr\u00edstrojov:<br \/>\n<\/strong>\u2022\u00a0V pr\u00edpade poklesu tlaku v hasiacom pr\u00edstroji<br \/>\n\u2022\u00a0V pr\u00edpade po\u0161kodenia alebo pou\u017eitia hasiaceho pr\u00edstroja<br \/>\n\u2022\u00a0Ka\u017ed\u00fdch 5 rokov tlakov\u00e1 sk\u00fa\u0161ka n\u00e1doby a sk\u00fa\u0161ka tesnosti n\u00e1doby (ka\u017ed\u00e9 2 roky pri vodn\u00fdch a\u00a0penov\u00fdch hasiacich pr\u00edstrojoch)<\/p>\n<p style=\"text-align: left;\"><strong>Pou\u017eitie hasiaceho pr\u00edstroja:\u00a0<\/strong>Po zisten\u00ed po\u017eiaru hasiaci pr\u00edstroj prenesieme do bl\u00edzkosti oh\u0148a. Vytiahneme zais\u0165ovac\u00ed kol\u00edk a stla\u010den\u00edm p\u00e1ky vych\u00e1dza hasivo z n\u00e1doby hasiaceho pr\u00edstroja do miesta po\u017eiaru.<strong>\u00a0<\/strong><\/p>\n<p style=\"text-align: left;\">\n<p style=\"text-align: left;\"><img loading=\"lazy\" src=\"http:\/\/www.krisko.biz\/wp-content\/uploads\/2018\/10\/hp16.jpg\" alt=\"\" width=\"300\" height=\"168\" class=\"size-full wp-image-331 aligncenter\" \/><strong><\/strong><\/p>\n<p>&nbsp;<\/p>\n<p>&nbsp;<\/p>\n<p style=\"text-align: left;\"><strong>Typy hasiacich pr\u00edstrojov:<\/strong><br \/>\n&#8211;\u00a0Prenosn\u00e9 a pojazdn\u00e9 pr\u00e1\u0161kov\u00e9 hasiace pr\u00edstroje<br \/>\n&#8211;\u00a0Prenosn\u00e9 a pojazdn\u00e9 hasiace pr\u00edstroje CO2<br \/>\n&#8211;\u00a0Prenosn\u00e9 hasiace pr\u00edstroje vodn\u00e9<br \/>\n&#8211;\u00a0Prenosn\u00e9 hasiace pr\u00edstroje penov\u00e9<\/p>\n<p>&nbsp;<\/p>\n<p>&nbsp;<\/p>\n<p style=\"text-align: center;\"><img loading=\"lazy\" src=\"http:\/\/www.krisko.biz\/wp-content\/uploads\/2018\/10\/hp17.jpg\" alt=\"\" width=\"268\" height=\"188\" class=\"size-full wp-image-332 aligncenter\" style=\"text-align: left;\" \/><\/p>\n<p>&nbsp;<\/p>\n","protected":false},"excerpt":{"rendered":"<p>Hasiace pr\u00edstroje: Kontroly: Na\u0161a spolo\u010dnos\u0165 je pripraven\u00e1 vykona\u0165 pre v\u00e1s kontrolu a servis hasiacej techniky. Kontrola hasiacich pr\u00edstrojov sa vykon\u00e1va pod\u013ea \u00a7 21 a 22 vyhl\u00e1\u0161ky MV SR \u010d. 719\/2002 Z.z najmenej jeden kr\u00e1t za 12 mesiacov, respekt\u00edve jeden kr\u00e1t za 24 mesiacov, pod\u013ea druhu hasiaceho pr\u00edstroja a pod\u013ea obdobia, kedy bol hasiaci pr\u00edstroj uveden\u00fd na trh. M\u00e1me odborne sp\u00f4sobil\u00fdch zamestnancov, ktor\u00ed pr\u00eddu priamo na Va\u0161u prev\u00e1dzku, hasiace pr\u00edstroje skontroluj\u00fa<\/p>\n<p><a class=\"more-link\" href=\"https:\/\/www.krisko.biz\/?page_id=54\">Read More<\/a><\/p>\n","protected":false},"author":1,"featured_media":0,"parent":0,"menu_order":0,"comment_status":"closed","ping_status":"closed","template":"","meta":[],"_links":{"self":[{"href":"https:\/\/www.krisko.biz\/index.php?rest_route=\/wp\/v2\/pages\/54"}],"collection":[{"href":"https:\/\/www.krisko.biz\/index.php?rest_route=\/wp\/v2\/pages"}],"about":[{"href":"https:\/\/www.krisko.biz\/index.php?rest_route=\/wp\/v2\/types\/page"}],"author":[{"embeddable":true,"href":"https:\/\/www.krisko.biz\/index.php?rest_route=\/wp\/v2\/users\/1"}],"replies":[{"embeddable":true,"href":"https:\/\/www.krisko.biz\/index.php?rest_route=%2Fwp%2Fv2%2Fcomments&post=54"}],"version-history":[{"count":15,"href":"https:\/\/www.krisko.biz\/index.php?rest_route=\/wp\/v2\/pages\/54\/revisions"}],"predecessor-version":[{"id":333,"href":"https:\/\/www.krisko.biz\/index.php?rest_route=\/wp\/v2\/pages\/54\/revisions\/333"}],"wp:attachment":[{"href":"https:\/\/www.krisko.biz\/index.php?rest_route=%2Fwp%2Fv2%2Fmedia&parent=54"}],"curies":[{"name":"wp","href":"https:\/\/api.w.org\/{rel}","templated":true}]}}