{"id":62,"date":"2018-09-26T17:53:02","date_gmt":"2018-09-26T15:53:02","guid":{"rendered":"http:\/\/www.krisko.biz\/?page_id=62"},"modified":"2018-11-19T18:25:56","modified_gmt":"2018-11-19T17:25:56","slug":"poziarne-uzavery","status":"publish","type":"page","link":"https:\/\/www.krisko.biz\/?page_id=62","title":{"rendered":"Po\u017eiarne uz\u00e1very"},"content":{"rendered":"<p><strong>Po\u017eiarne uz\u00e1very:<\/strong><\/p>\n<p>Taktie\u017e vykon\u00e1vame kontroly po\u017eiarnych uz\u00e1verov (dver\u00ed, okien)\u00a0 pod\u013ea vyhl\u00e1\u0161ky MV SR \u010d. 478\/2008 Z. z. Kontrola po\u017eiarnych uz\u00e1verov sa vykon\u00e1va najmenej raz za 12 mesiacov, ak v\u00fdrobca alebo dovozca po\u017eiarnych uz\u00e1verov alebo prev\u00e1dzkovate\u013e po\u017eiarnych uz\u00e1verov vzh\u013eadom na vplyv prostredia neur\u010d\u00ed krat\u0161iu lehotu.<\/p>\n<p><img loading=\"lazy\" class=\"alignnone size-full wp-image-262\" src=\"http:\/\/www.krisko.biz\/wp-content\/uploads\/2018\/10\/poziarnedvere.jpg\" alt=\"\" width=\"1800\" height=\"370\" srcset=\"https:\/\/www.krisko.biz\/wp-content\/uploads\/2018\/10\/poziarnedvere.jpg 1800w, https:\/\/www.krisko.biz\/wp-content\/uploads\/2018\/10\/poziarnedvere-300x62.jpg 300w, https:\/\/www.krisko.biz\/wp-content\/uploads\/2018\/10\/poziarnedvere-768x158.jpg 768w, https:\/\/www.krisko.biz\/wp-content\/uploads\/2018\/10\/poziarnedvere-1024x210.jpg 1024w\" sizes=\"(max-width: 1800px) 100vw, 1800px\" \/><\/p>\n","protected":false},"excerpt":{"rendered":"<p>Po\u017eiarne uz\u00e1very: Taktie\u017e vykon\u00e1vame kontroly po\u017eiarnych uz\u00e1verov (dver\u00ed, okien)\u00a0 pod\u013ea vyhl\u00e1\u0161ky MV SR \u010d. 478\/2008 Z. z. Kontrola po\u017eiarnych uz\u00e1verov sa vykon\u00e1va najmenej raz za 12 mesiacov, ak v\u00fdrobca alebo dovozca po\u017eiarnych uz\u00e1verov alebo prev\u00e1dzkovate\u013e po\u017eiarnych uz\u00e1verov vzh\u013eadom na vplyv prostredia neur\u010d\u00ed krat\u0161iu lehotu.<\/p>\n","protected":false},"author":1,"featured_media":0,"parent":0,"menu_order":0,"comment_status":"closed","ping_status":"closed","template":"","meta":[],"_links":{"self":[{"href":"https:\/\/www.krisko.biz\/index.php?rest_route=\/wp\/v2\/pages\/62"}],"collection":[{"href":"https:\/\/www.krisko.biz\/index.php?rest_route=\/wp\/v2\/pages"}],"about":[{"href":"https:\/\/www.krisko.biz\/index.php?rest_route=\/wp\/v2\/types\/page"}],"author":[{"embeddable":true,"href":"https:\/\/www.krisko.biz\/index.php?rest_route=\/wp\/v2\/users\/1"}],"replies":[{"embeddable":true,"href":"https:\/\/www.krisko.biz\/index.php?rest_route=%2Fwp%2Fv2%2Fcomments&post=62"}],"version-history":[{"count":6,"href":"https:\/\/www.krisko.biz\/index.php?rest_route=\/wp\/v2\/pages\/62\/revisions"}],"predecessor-version":[{"id":407,"href":"https:\/\/www.krisko.biz\/index.php?rest_route=\/wp\/v2\/pages\/62\/revisions\/407"}],"wp:attachment":[{"href":"https:\/\/www.krisko.biz\/index.php?rest_route=%2Fwp%2Fv2%2Fmedia&parent=62"}],"curies":[{"name":"wp","href":"https:\/\/api.w.org\/{rel}","templated":true}]}}