{"id":68,"date":"2018-09-26T17:53:36","date_gmt":"2018-09-26T15:53:36","guid":{"rendered":"http:\/\/www.krisko.biz\/?page_id=68"},"modified":"2018-11-19T18:24:59","modified_gmt":"2018-11-19T17:24:59","slug":"cinnost-technika-po","status":"publish","type":"page","link":"https:\/\/www.krisko.biz\/?page_id=68","title":{"rendered":"\u010cinnos\u0165 technika PO"},"content":{"rendered":"<p><strong>\u010cinnos\u0165 technika\u00a0 po\u017eiarnej ochrany:<\/strong><\/p>\n<p><strong>Na\u0161\u00edm z\u00e1kazn\u00edkom poskytujeme dod\u00e1vate\u013esk\u00fdm sp\u00f4sobom v\u00fdkon \u010dinnosti technika po\u017eiarnej ochrany.<br \/>\nV oblasti ochrany pred po\u017eiarmi (OPP) sa jedn\u00e1 najm\u00e4 o nasledovn\u00e9 \u010dinnosti :<br \/>\n<\/strong>\u2022\u00a0Vyprac\u00favanie, vedenie a udr\u017eiavanie dokument\u00e1cie ochrany pred po\u017eiarmi v s\u00falade so skuto\u010dn\u00fdm stavom<br \/>\n\u2022\u00a0Vykon\u00e1vanie vstupn\u00e9ho \u0161kolenia pre novoprijat\u00fdch zamestnancov a periodick\u00e9ho \u0161kolenia pre v\u0161etk\u00fdch<br \/>\n\u2022\u00a0zamestnancov o ochrane pred po\u017eiarmi<br \/>\n\u2022\u00a0Vykon\u00e1vanie odbornej pr\u00edpravy protipo\u017eiarnych hliadok v predp\u00edsan\u00fdch lehot\u00e1ch<br \/>\n\u2022\u00a0Pravideln\u00e9 protipo\u017eiarne prehliadky pracov\u00edsk v predp\u00edsan\u00fdch term\u00ednoch so zameran\u00edm na dodr\u017eiavanie pr\u00e1vnych<br \/>\n\u2022\u00a0predpisov<br \/>\n\u2022\u00a0Ur\u010dovanie miest so zv\u00fd\u0161en\u00fdm nebezpe\u010denstvom vzniku po\u017eiaru a po\u010dtu \u010dlenov protipo\u017eiarnych hliadok,<br \/>\n\u2022\u00a0Organizovanie a vyhodnocovanie cvi\u010dn\u00fdch po\u017eiarnych poplachov,<br \/>\n\u2022\u00a0Ur\u010dovanie po\u017eiadaviek protipo\u017eiarnej bezpe\u010dnosti pri zmene u\u017e\u00edvania stavieb,<br \/>\n\u2022\u00a0Vypracovanie projektovej dokument\u00e1cie a technick\u00fdch spr\u00e1v PO pre po\u017eiarnu bezpe\u010dnos\u0165 stavieb<br \/>\n\u2022\u00a0Anal\u00fdzy po\u017eiarneho nebezpe\u010denstva a in\u00e9<br \/>\n\u2022\u00a0Zabezpe\u010denie kontrol prenosn\u00fdch hasiacich pr\u00edstrojov a pojazdn\u00fdch hasiacich pr\u00edstrojov,<br \/>\n\u2022\u00a0Zabezpe\u010denie kontrol po\u017eiarnych vodovodov t.j. zariadenia pre z\u00e1sobovanie vodou na hasenie po\u017eiarov,<br \/>\n\u2022\u00a0Konzulta\u010dn\u00e1 a poradensk\u00e1 \u010dinnos\u0165 na \u00faseku ochrany pred po\u017eiarmi.<\/p>\n<p><strong>Prostredn\u00edctvom \u0161pecialistu\u00a0 po\u017eiarnej ochrany zabezpe\u010dujeme:<\/strong><br \/>\n\u2022\u00a0Projekty protipo\u017eiarnej bezpe\u010dnosti stavby, audit vypracovan\u00e9ho projektu protipo\u017eiarnej bezpe\u010dnosti stavby,<br \/>\n\u2022\u00a0posudky zmien, prestavieb a opr\u00e1v stavieb z h\u013eadiska protipo\u017eiarnej bezpe\u010dnosti stavby<br \/>\n\u2022\u00a0Ur\u010dovanie po\u017eiadaviek protipo\u017eiarnej bezpe\u010dnosti pri zmene u\u017e\u00edvania stavieb,<br \/>\n\u2022\u00a0Poradensk\u00e1 a konzulta\u010dn\u00e1 \u010dinnos\u0165 v oblasti protipo\u017eiarnej bezpe\u010dnosti stavieb a prev\u00e1dzok<\/p>\n<p>&nbsp;<\/p>\n<p><strong>\u0160kolenie o ochrane pred po\u017eiarmi:<\/strong><\/p>\n<p><strong><img loading=\"lazy\" src=\"http:\/\/www.krisko.biz\/wp-content\/uploads\/2018\/10\/skolenie.png\" alt=\"\" width=\"430\" height=\"243\" class=\"wp-image-329 aligncenter\" srcset=\"https:\/\/www.krisko.biz\/wp-content\/uploads\/2018\/10\/skolenie.png 620w, https:\/\/www.krisko.biz\/wp-content\/uploads\/2018\/10\/skolenie-300x169.png 300w\" sizes=\"(max-width: 430px) 100vw, 430px\" \/>\u00a0 \u00a0 \u00a0 \u00a0 \u00a0\u00a0<\/strong><strong>\u00a0<\/strong><\/p>\n<p>-ved\u00faci zamestnanci \u2013 1 x za 24 mesiacov<br \/>\n-\u0161kolenie novoprijat\u00fdch zamestnancov pred n\u00e1stupom do<br \/>\nzamestnania<br \/>\n-ostatn\u00ed zamestnanci \u2013 1 x za 24 mesiacov<br \/>\n-zamestnanci v mimopracovnom \u010dase \u2013 1 x za 12 mesiacov<br \/>\n-\u010dlenovia protipo\u017eiarnej hliadky \u2013 1x za 12 mesiacov<\/p>\n<p>\u010cas\u0165 dokument\u00e1cie ochrany pred po\u017eiarmi:<\/p>\n<p><img loading=\"lazy\" class=\"aligncenter\" src=\"http:\/\/www.krisko.biz\/wp-content\/uploads\/2018\/10\/ctpo3.png\" width=\"516\" height=\"269\" border=\"0\" \/><\/p>\n","protected":false},"excerpt":{"rendered":"<p>\u010cinnos\u0165 technika\u00a0 po\u017eiarnej ochrany: Na\u0161\u00edm z\u00e1kazn\u00edkom poskytujeme dod\u00e1vate\u013esk\u00fdm sp\u00f4sobom v\u00fdkon \u010dinnosti technika po\u017eiarnej ochrany. V oblasti ochrany pred po\u017eiarmi (OPP) sa jedn\u00e1 najm\u00e4 o nasledovn\u00e9 \u010dinnosti : \u2022\u00a0Vyprac\u00favanie, vedenie a udr\u017eiavanie dokument\u00e1cie ochrany pred po\u017eiarmi v s\u00falade so skuto\u010dn\u00fdm stavom \u2022\u00a0Vykon\u00e1vanie vstupn\u00e9ho \u0161kolenia pre novoprijat\u00fdch zamestnancov a periodick\u00e9ho \u0161kolenia pre v\u0161etk\u00fdch \u2022\u00a0zamestnancov o ochrane pred po\u017eiarmi \u2022\u00a0Vykon\u00e1vanie odbornej pr\u00edpravy protipo\u017eiarnych hliadok v predp\u00edsan\u00fdch lehot\u00e1ch \u2022\u00a0Pravideln\u00e9 protipo\u017eiarne prehliadky pracov\u00edsk v predp\u00edsan\u00fdch<\/p>\n<p><a class=\"more-link\" href=\"https:\/\/www.krisko.biz\/?page_id=68\">Read More<\/a><\/p>\n","protected":false},"author":1,"featured_media":0,"parent":0,"menu_order":0,"comment_status":"closed","ping_status":"closed","template":"","meta":[],"_links":{"self":[{"href":"https:\/\/www.krisko.biz\/index.php?rest_route=\/wp\/v2\/pages\/68"}],"collection":[{"href":"https:\/\/www.krisko.biz\/index.php?rest_route=\/wp\/v2\/pages"}],"about":[{"href":"https:\/\/www.krisko.biz\/index.php?rest_route=\/wp\/v2\/types\/page"}],"author":[{"embeddable":true,"href":"https:\/\/www.krisko.biz\/index.php?rest_route=\/wp\/v2\/users\/1"}],"replies":[{"embeddable":true,"href":"https:\/\/www.krisko.biz\/index.php?rest_route=%2Fwp%2Fv2%2Fcomments&post=68"}],"version-history":[{"count":7,"href":"https:\/\/www.krisko.biz\/index.php?rest_route=\/wp\/v2\/pages\/68\/revisions"}],"predecessor-version":[{"id":405,"href":"https:\/\/www.krisko.biz\/index.php?rest_route=\/wp\/v2\/pages\/68\/revisions\/405"}],"wp:attachment":[{"href":"https:\/\/www.krisko.biz\/index.php?rest_route=%2Fwp%2Fv2%2Fmedia&parent=68"}],"curies":[{"name":"wp","href":"https:\/\/api.w.org\/{rel}","templated":true}]}}