{"id":71,"date":"2018-09-26T17:53:51","date_gmt":"2018-09-26T15:53:51","guid":{"rendered":"http:\/\/www.krisko.biz\/?page_id=71"},"modified":"2018-11-19T18:27:29","modified_gmt":"2018-11-19T17:27:29","slug":"bezp-tech-sluzba","status":"publish","type":"page","link":"https:\/\/www.krisko.biz\/?page_id=71","title":{"rendered":"BOZP"},"content":{"rendered":"<p><span style=\"font-size: 14px;\"><strong>Bezpe\u010dnos\u0165 a ochrana zdravia pri pr\u00e1ci, (BOZP):<\/strong><\/span><\/p>\n<p>Na\u0161a spolo\u010dnos\u0165 sa zaober\u00e1 poskytovan\u00edm komplexn\u00fdch slu\u017eieb v oblasti\u00a0<strong>bezpe\u010dnosti a ochrany zdravia pri pr\u00e1ci (BOZP)<\/strong>. Poskytujeme na\u0161im z\u00e1kazn\u00edkom odborn\u00e9 \u0161kolenia v oblasti BOZP. Zabezpe\u010dujeme slu\u017eby technika BOZP a autorizovan\u00e9ho bezpe\u010dnostn\u00e9ho\u00a0 technika dod\u00e1vate\u013esk\u00fdm sp\u00f4sobom a odborn\u00e9\u00a0 poradenstvo v oblastiach BOZP pod\u013ea z\u00e1kona \u010d. 124\/2006.<br \/>\nCie\u013eom na\u0161ej spolo\u010dnosti je maxim\u00e1lne uspokojovanie potrieb na\u0161ich klientov v oblasti bezpe\u010dnosti a ochrany zdravia pri pr\u00e1ci a okam\u017eit\u00e9 rie\u0161enie vzniknut\u00fdch probl\u00e9mov.<\/p>\n<p>V oblasti BOZP sa jedn\u00e1 najm\u00e4 o nasledovn\u00e9 \u010dinnosti:<br \/>\n\u2022\u00a0Audit stavu bezpe\u010dnosti a ochrany zdravia pri pr\u00e1ci<br \/>\n\u2022\u00a0St\u00e1ly doh\u013ead nad bezpe\u010dnos\u0165ou pri pr\u00e1ci zabezpe\u010den\u00fd pravideln\u00fdmi prehliadkami pracov\u00edsk<br \/>\n\u2022\u00a0so zameran\u00edm na dodr\u017eiavanie bezpe\u010dnostn\u00fdch predpisov<br \/>\n\u2022\u00a0Vyh\u013ead\u00e1vanie riz\u00edk na pracovisk\u00e1ch a pri jednotliv\u00fdch \u010dinnostiach, stanovenie opatren\u00ed<br \/>\n\u2022\u00a0smeruj\u00facich k zni\u017eovaniu rizika \u00farazu na pracovisku<br \/>\n\u2022\u00a0Vykon\u00e1vanie kontroly dodr\u017eiavania z\u00e1sad BOZP<br \/>\n\u2022\u00a0Vypracovanie dokument\u00e1cie bezpe\u010dnosti a ochrany zdravia pri pr\u00e1ci<br \/>\n\u2022\u00a0Vy\u0161etrovanie pr\u00ed\u010din pracovn\u00fdch \u00farazov<br \/>\n\u2022\u00a0Vykon\u00e1vanie odborn\u00fdch \u0161kolen\u00ed pre zamestnancov a ved\u00facich zamestnancov BOZP<br \/>\n\u2022\u00a0Konzulta\u010dn\u00e1 a poradensk\u00e1 \u010dinnos\u0165 v oblasti BOZP<\/p>\n<p>&nbsp;<\/p>\n<p><img loading=\"lazy\" src=\"http:\/\/www.krisko.biz\/wp-content\/uploads\/2018\/10\/pp6.png\" alt=\"\" width=\"647\" height=\"228\" class=\"size-full wp-image-334 aligncenter\" srcset=\"https:\/\/www.krisko.biz\/wp-content\/uploads\/2018\/10\/pp6.png 647w, https:\/\/www.krisko.biz\/wp-content\/uploads\/2018\/10\/pp6-300x106.png 300w\" sizes=\"(max-width: 647px) 100vw, 647px\" \/><\/p>\n","protected":false},"excerpt":{"rendered":"<p>Bezpe\u010dnos\u0165 a ochrana zdravia pri pr\u00e1ci, (BOZP): Na\u0161a spolo\u010dnos\u0165 sa zaober\u00e1 poskytovan\u00edm komplexn\u00fdch slu\u017eieb v oblasti\u00a0bezpe\u010dnosti a ochrany zdravia pri pr\u00e1ci (BOZP). Poskytujeme na\u0161im z\u00e1kazn\u00edkom odborn\u00e9 \u0161kolenia v oblasti BOZP. Zabezpe\u010dujeme slu\u017eby technika BOZP a autorizovan\u00e9ho bezpe\u010dnostn\u00e9ho\u00a0 technika dod\u00e1vate\u013esk\u00fdm sp\u00f4sobom a odborn\u00e9\u00a0 poradenstvo v oblastiach BOZP pod\u013ea z\u00e1kona \u010d. 124\/2006. Cie\u013eom na\u0161ej spolo\u010dnosti je maxim\u00e1lne uspokojovanie potrieb na\u0161ich klientov v oblasti bezpe\u010dnosti a ochrany zdravia pri pr\u00e1ci a okam\u017eit\u00e9 rie\u0161enie<\/p>\n<p><a class=\"more-link\" href=\"https:\/\/www.krisko.biz\/?page_id=71\">Read More<\/a><\/p>\n","protected":false},"author":1,"featured_media":0,"parent":0,"menu_order":0,"comment_status":"closed","ping_status":"closed","template":"","meta":[],"_links":{"self":[{"href":"https:\/\/www.krisko.biz\/index.php?rest_route=\/wp\/v2\/pages\/71"}],"collection":[{"href":"https:\/\/www.krisko.biz\/index.php?rest_route=\/wp\/v2\/pages"}],"about":[{"href":"https:\/\/www.krisko.biz\/index.php?rest_route=\/wp\/v2\/types\/page"}],"author":[{"embeddable":true,"href":"https:\/\/www.krisko.biz\/index.php?rest_route=\/wp\/v2\/users\/1"}],"replies":[{"embeddable":true,"href":"https:\/\/www.krisko.biz\/index.php?rest_route=%2Fwp%2Fv2%2Fcomments&post=71"}],"version-history":[{"count":12,"href":"https:\/\/www.krisko.biz\/index.php?rest_route=\/wp\/v2\/pages\/71\/revisions"}],"predecessor-version":[{"id":411,"href":"https:\/\/www.krisko.biz\/index.php?rest_route=\/wp\/v2\/pages\/71\/revisions\/411"}],"wp:attachment":[{"href":"https:\/\/www.krisko.biz\/index.php?rest_route=%2Fwp%2Fv2%2Fmedia&parent=71"}],"curies":[{"name":"wp","href":"https:\/\/api.w.org\/{rel}","templated":true}]}}