{"id":74,"date":"2018-09-26T17:54:06","date_gmt":"2018-09-26T15:54:06","guid":{"rendered":"http:\/\/www.krisko.biz\/?page_id=74"},"modified":"2018-11-21T15:53:49","modified_gmt":"2018-11-21T14:53:49","slug":"pracovna-zdravotna-sluzba","status":"publish","type":"page","link":"https:\/\/www.krisko.biz\/?page_id=74","title":{"rendered":"Pracovn\u00e1 zdravotn\u00e1 slu\u017eba"},"content":{"rendered":"<p><strong>Pracovn\u00e1 zdravotn\u00e1 slu\u017eba:<\/strong><\/p>\n<p>Na\u0161a spolo\u010dnos\u0165\u00a0 poskytuje v\u00fdkon pracovnej zdravotnej slu\u017eby dod\u00e1vate\u013esk\u00fdm sp\u00f4sobom pre zamestnancov vykon\u00e1vaj\u00facich pr\u00e1cu zaraden\u00fa do prvej kateg\u00f3rie alebo druhej kateg\u00f3rie v rozsahu pod\u013ea \u00a7 30ab, p\u00edsm. a) a\u017e f) Z\u00e1kona \u010d.355\/2007 Z.z.<\/p>\n<p>Zabezpe\u010denie pracovnej zdravotnej slu\u017eby dod\u00e1vate\u013esk\u00fdm sp\u00f4sobom<\/p>\n<p>a) identifik\u00e1cia a pos\u00fadenie zdravotn\u00fdch riz\u00edk na pracovisku<\/p>\n<p>b) vypracovanie posudku o riziku s kategoriz\u00e1ciou pr\u00e1c z h\u013eadiska zdravotn\u00e9ho rizika,<\/p>\n<p>c) n\u00e1vrh\u00a0 opatren\u00ed na zn\u00ed\u017eenie alebo odstr\u00e1nenie zdravotn\u00e9ho rizika,<\/p>\n<p>d) kvalifikovan\u00e9 poradenstvo, zamestn\u00e1vate\u013eovi a zamestnancom,<\/p>\n<p>e) vypracovanie prev\u00e1dzkov\u00fdch poriadkov.<\/p>\n<p>&nbsp;<\/p>\n<p>&nbsp;<\/p>\n","protected":false},"excerpt":{"rendered":"<p>Pracovn\u00e1 zdravotn\u00e1 slu\u017eba: Na\u0161a spolo\u010dnos\u0165\u00a0 poskytuje v\u00fdkon pracovnej zdravotnej slu\u017eby dod\u00e1vate\u013esk\u00fdm sp\u00f4sobom pre zamestnancov vykon\u00e1vaj\u00facich pr\u00e1cu zaraden\u00fa do prvej kateg\u00f3rie alebo druhej kateg\u00f3rie v rozsahu pod\u013ea \u00a7 30ab, p\u00edsm. a) a\u017e f) Z\u00e1kona \u010d.355\/2007 Z.z. Zabezpe\u010denie pracovnej zdravotnej slu\u017eby dod\u00e1vate\u013esk\u00fdm sp\u00f4sobom a) identifik\u00e1cia a pos\u00fadenie zdravotn\u00fdch riz\u00edk na pracovisku b) vypracovanie posudku o riziku s kategoriz\u00e1ciou pr\u00e1c z h\u013eadiska zdravotn\u00e9ho rizika, c) n\u00e1vrh\u00a0 opatren\u00ed na zn\u00ed\u017eenie alebo odstr\u00e1nenie zdravotn\u00e9ho rizika,<\/p>\n<p><a class=\"more-link\" href=\"https:\/\/www.krisko.biz\/?page_id=74\">Read More<\/a><\/p>\n","protected":false},"author":1,"featured_media":0,"parent":0,"menu_order":0,"comment_status":"closed","ping_status":"closed","template":"","meta":[],"_links":{"self":[{"href":"https:\/\/www.krisko.biz\/index.php?rest_route=\/wp\/v2\/pages\/74"}],"collection":[{"href":"https:\/\/www.krisko.biz\/index.php?rest_route=\/wp\/v2\/pages"}],"about":[{"href":"https:\/\/www.krisko.biz\/index.php?rest_route=\/wp\/v2\/types\/page"}],"author":[{"embeddable":true,"href":"https:\/\/www.krisko.biz\/index.php?rest_route=\/wp\/v2\/users\/1"}],"replies":[{"embeddable":true,"href":"https:\/\/www.krisko.biz\/index.php?rest_route=%2Fwp%2Fv2%2Fcomments&post=74"}],"version-history":[{"count":7,"href":"https:\/\/www.krisko.biz\/index.php?rest_route=\/wp\/v2\/pages\/74\/revisions"}],"predecessor-version":[{"id":421,"href":"https:\/\/www.krisko.biz\/index.php?rest_route=\/wp\/v2\/pages\/74\/revisions\/421"}],"wp:attachment":[{"href":"https:\/\/www.krisko.biz\/index.php?rest_route=%2Fwp%2Fv2%2Fmedia&parent=74"}],"curies":[{"name":"wp","href":"https:\/\/api.w.org\/{rel}","templated":true}]}}